{"id":6193,"date":"2024-08-30T21:00:52","date_gmt":"2024-08-30T21:00:52","guid":{"rendered":"https:\/\/codebltd.com\/?page_id=6193"},"modified":"2024-08-30T23:10:44","modified_gmt":"2024-08-30T23:10:44","slug":"the-telecom-regulator-pack","status":"publish","type":"page","link":"https:\/\/codebltd.com\/fr\/our-products\/the-telecom-regulator-pack\/","title":{"rendered":"Le pack du r\u00e9gulateur des t\u00e9l\u00e9communications"},"content":{"rendered":"","protected":false},"excerpt":{"rendered":"","protected":false},"author":1,"featured_media":0,"parent":6150,"menu_order":0,"comment_status":"closed","ping_status":"closed","template":"","meta":{"om_disable_all_campaigns":false,"_monsterinsights_skip_tracking":false,"_monsterinsights_sitenote_active":false,"_monsterinsights_sitenote_note":"","_monsterinsights_sitenote_category":0,"footnotes":""},"class_list":["post-6193","page","type-page","status-publish","hentry"],"aioseo_notices":[],"_links":{"self":[{"href":"https:\/\/codebltd.com\/fr\/wp-json\/wp\/v2\/pages\/6193","targetHints":{"allow":["GET"]}}],"collection":[{"href":"https:\/\/codebltd.com\/fr\/wp-json\/wp\/v2\/pages"}],"about":[{"href":"https:\/\/codebltd.com\/fr\/wp-json\/wp\/v2\/types\/page"}],"author":[{"embeddable":true,"href":"https:\/\/codebltd.com\/fr\/wp-json\/wp\/v2\/users\/1"}],"replies":[{"embeddable":true,"href":"https:\/\/codebltd.com\/fr\/wp-json\/wp\/v2\/comments?post=6193"}],"version-history":[{"count":3,"href":"https:\/\/codebltd.com\/fr\/wp-json\/wp\/v2\/pages\/6193\/revisions"}],"predecessor-version":[{"id":6225,"href":"https:\/\/codebltd.com\/fr\/wp-json\/wp\/v2\/pages\/6193\/revisions\/6225"}],"up":[{"embeddable":true,"href":"https:\/\/codebltd.com\/fr\/wp-json\/wp\/v2\/pages\/6150"}],"wp:attachment":[{"href":"https:\/\/codebltd.com\/fr\/wp-json\/wp\/v2\/media?parent=6193"}],"curies":[{"name":"wp","href":"https:\/\/api.w.org\/{rel}","templated":true}]}}