{"id":6253,"date":"2025-12-10T00:55:18","date_gmt":"2025-12-10T00:55:18","guid":{"rendered":"https:\/\/codebltd.com\/?page_id=6253"},"modified":"2025-12-17T21:25:51","modified_gmt":"2025-12-17T21:25:51","slug":"6253-2","status":"publish","type":"page","link":"https:\/\/codebltd.com\/fr\/6253-2\/","title":{"rendered":"Modernisation des syst\u00e8mes fiscaux en Afrique"},"content":{"rendered":"<p class=\"has-white-color has-text-color has-background has-link-color wp-elements-d6c569c3d8fe087f9ffdded112f8b39e\" style=\"background:linear-gradient(135deg,rgb(37,64,153) 0%,rgb(40,116,252) 100%)\">Nous accompagnons les gouvernements dans la mobilisation et la s\u00e9curisation de leurs recettes fiscales en les aidant \u00e0 \u00e9largir et contr\u00f4ler leur base imposable, lutter contre la fraude \u00e0 la TVA, obtenir une vision panoramique de l\u2019activit\u00e9 commerciale nationale et r\u00e9duire la charge de travail des inspecteurs des imp\u00f4ts.\nNotre approche repose sur trois piliers essentiels :<\/p>\n\n\n\n<ul class=\"wp-block-list\">\n<li><strong>Facturation Digitale<\/strong><br>Un syst\u00e8me robuste de facturation \u00e9lectronique qui assure la tra\u00e7abilit\u00e9 en temps r\u00e9el des transactions, r\u00e9duit la fraude et am\u00e9liore la transparence pour les contribuables comme pour les autorit\u00e9s.<\/li>\n<\/ul>","protected":false},"excerpt":{"rendered":"<p>Nous accompagnons les gouvernements dans la mobilisation et la s\u00e9curisation de leurs recettes fiscales en les aidant \u00e0 \u00e9largir et contr\u00f4ler leur base imposable, lutter contre la fraude \u00e0 la TVA, obtenir une vision panoramique de l\u2019activit\u00e9 commerciale nationale et r\u00e9duire la charge de travail des inspecteurs des imp\u00f4ts.\nNotre approche repose sur trois piliers essentiels :<\/p>","protected":false},"author":1,"featured_media":0,"parent":0,"menu_order":0,"comment_status":"closed","ping_status":"closed","template":"","meta":{"om_disable_all_campaigns":false,"_monsterinsights_skip_tracking":false,"_monsterinsights_sitenote_active":false,"_monsterinsights_sitenote_note":"","_monsterinsights_sitenote_category":0,"footnotes":""},"class_list":["post-6253","page","type-page","status-publish","hentry"],"aioseo_notices":[],"_links":{"self":[{"href":"https:\/\/codebltd.com\/fr\/wp-json\/wp\/v2\/pages\/6253","targetHints":{"allow":["GET"]}}],"collection":[{"href":"https:\/\/codebltd.com\/fr\/wp-json\/wp\/v2\/pages"}],"about":[{"href":"https:\/\/codebltd.com\/fr\/wp-json\/wp\/v2\/types\/page"}],"author":[{"embeddable":true,"href":"https:\/\/codebltd.com\/fr\/wp-json\/wp\/v2\/users\/1"}],"replies":[{"embeddable":true,"href":"https:\/\/codebltd.com\/fr\/wp-json\/wp\/v2\/comments?post=6253"}],"version-history":[{"count":5,"href":"https:\/\/codebltd.com\/fr\/wp-json\/wp\/v2\/pages\/6253\/revisions"}],"predecessor-version":[{"id":6324,"href":"https:\/\/codebltd.com\/fr\/wp-json\/wp\/v2\/pages\/6253\/revisions\/6324"}],"wp:attachment":[{"href":"https:\/\/codebltd.com\/fr\/wp-json\/wp\/v2\/media?parent=6253"}],"curies":[{"name":"wp","href":"https:\/\/api.w.org\/{rel}","templated":true}]}}